{"id":1027,"date":"2022-10-27T14:34:14","date_gmt":"2022-10-27T11:34:14","guid":{"rendered":"https:\/\/isuhsc2023.selcuk.edu.tr\/en\/?page_id=1027"},"modified":"2023-10-13T11:38:10","modified_gmt":"2023-10-13T08:38:10","slug":"accomodation","status":"publish","type":"page","link":"https:\/\/isuhsc2023.selcuk.edu.tr\/en\/index.php\/accomodation\/","title":{"rendered":"Accomodation"},"content":{"rendered":"<p style=\"text-align: center;\">CONGRESS ADDRESS:<\/p>\n<p style=\"text-align: center;\">Sel\u00e7uk University Sultan Alpaslan Cultural Center Sel\u00e7uklu \/ KONYA &#8211; T\u00dcRK\u0130YE <a href=\"https:\/\/www.selcuk.edu.tr\/Birim\/daire-baskanliklari\/saglik_kultur\/1956\/sultan-alparslan-kultur-merkezi-(sakm)\/42926\">(click)<\/a><\/p>\n<p style=\"text-align: center;\">ALTERNATIVE ACCOMMODATIONS:<\/p>\n<ul>\n<li>Sel\u00e7uk University<\/li>\n<\/ul>\n<table>\n<tbody>\n<tr>\n<td width=\"201\">Guest House<\/td>\n<td width=\"201\">Address<\/td>\n<td width=\"201\">Phone Number:<\/td>\n<\/tr>\n<tr>\n<td width=\"201\">Sel\u00e7uk University Guest House<\/td>\n<td width=\"201\">Ard\u0131\u00e7l\u0131, Gazi Blvd. No:279, 42250 Sel\u00e7uklu\/KONYA<\/td>\n<td width=\"201\">+90 <a href=\"https:\/\/www.google.com\/search?gs_ssp=eJzj4tVP1zc0TDLPSEtLM7U0YLRSNagwNEkxsEgxSEkxMTVKTTUwtzKosLSwMDVINrRMSbQE0ubGXmrFqTmHl5dmKxzek5dZllpUnFmSWpypkFqUWJxbWqyQnZ9Xmp1algkAMjAfXA&amp;q=sel%C3%A7uk+%C3%BCniversitesi+erasmus+konukevi&amp;oq=sel%C3%A7uk+%C3%BCniversitesi+eras&amp;aqs=chrome.2.0i512l2j46i175i199i512j0i512j69i57j0i512l5.6478j0j4&amp;sourceid=chrome&amp;ie=UTF-8\">(332) 223 44 60<\/a><\/td>\n<\/tr>\n<\/tbody>\n<\/table>\n<ul>\n<li>Sel\u00e7uk University<\/li>\n<\/ul>\n<table>\n<tbody>\n<tr>\n<td width=\"201\">Guest House<\/td>\n<td width=\"201\">Address<\/td>\n<td width=\"201\">Phone Number:<\/td>\n<\/tr>\n<tr>\n<td width=\"201\">Furkan Kocaman Erasmus Guest House<\/td>\n<td width=\"201\">Ard\u0131\u00e7l\u0131, Gazi Blvd. No:279, 42250 Sel\u00e7uklu\/KONYA<\/td>\n<td width=\"201\">+90 <a href=\"https:\/\/www.google.com\/search?gs_ssp=eJzj4tVP1zc0TDLPSEtLM7U0YLRSNagwNEkxsEgxSEkxMTVKTTUwtzKosLSwMDVINrRMSbQE0ubGXmrFqTmHl5dmKxzek5dZllpUnFmSWpypkFqUWJxbWqyQnZ9Xmp1algkAMjAfXA&amp;q=sel%C3%A7uk+%C3%BCniversitesi+erasmus+konukevi&amp;oq=sel%C3%A7uk+%C3%BCniversitesi+eras&amp;aqs=chrome.2.0i512l2j46i175i199i512j0i512j69i57j0i512l5.6478j0j4&amp;sourceid=chrome&amp;ie=UTF-8\">(332) 223 44 60<\/a><\/td>\n<\/tr>\n<\/tbody>\n<\/table>\n<ul>\n<li>State Hydraulic Works Guest House<\/li>\n<\/ul>\n<table>\n<tbody>\n<tr>\n<td width=\"201\">Guest House<\/td>\n<td width=\"201\">Address<\/td>\n<td width=\"201\">Phone Number:<\/td>\n<\/tr>\n<tr>\n<td width=\"201\">State Hydraulic Works (SHW; in Turkish DS\u0130) 4th REGION (CENTRAL)<\/td>\n<td width=\"201\">An\u0131talan\u0131-Meram-KONYA<\/td>\n<td width=\"201\">+90 332 322 01 91 \/1415 -1501<\/td>\n<\/tr>\n<tr>\n<td width=\"201\">DSI 4th REGION (Machinery Manufacturing\u00a0 and Audit and 3rd Drilling Department)<\/td>\n<td width=\"201\">Horozluhan District, Ankara Street, 149\/A Sel\u00e7uklu-KONYA<\/td>\n<td width=\"201\">+90 332 322 01 91 \/ 2095<\/td>\n<\/tr>\n<\/tbody>\n<\/table>\n<ul>\n<li>Teacher&#8217;s House<\/li>\n<\/ul>\n<table>\n<tbody>\n<tr>\n<td width=\"201\">Guest House<\/td>\n<td width=\"201\">Address<\/td>\n<td width=\"201\">Phone Number:<\/td>\n<\/tr>\n<tr>\n<td width=\"201\">Central Building<\/td>\n<td width=\"201\">\u015eems-i Tebrizi District, Mazhar Babal\u0131k Street, No:3 Karatay\/KONYA<\/td>\n<td width=\"201\">\u00a0+90 (332) 351-2265<\/td>\n<\/tr>\n<tr>\n<td width=\"201\">Central Office<\/td>\n<td width=\"201\">Konevi District, Kemha Street, No:13, 42040 Meram\/KONYA<\/td>\n<td width=\"201\">+90 (332) 351-2265<\/td>\n<\/tr>\n<\/tbody>\n<\/table>\n","protected":false},"excerpt":{"rendered":"<p>CONGRESS ADDRESS: Sel\u00e7uk University Sultan Alpaslan Cultural Center Sel\u00e7uklu \/ KONYA &#8211; T\u00dcRK\u0130YE (click) ALTERNATIVE ACCOMMODATIONS: Sel\u00e7uk University Guest House [&hellip;]<\/p>\n","protected":false},"author":2,"featured_media":0,"parent":0,"menu_order":0,"comment_status":"closed","ping_status":"closed","template":"","meta":{"footnotes":""},"class_list":["post-1027","page","type-page","status-publish","hentry"],"_links":{"self":[{"href":"https:\/\/isuhsc2023.selcuk.edu.tr\/en\/index.php\/wp-json\/wp\/v2\/pages\/1027","targetHints":{"allow":["GET"]}}],"collection":[{"href":"https:\/\/isuhsc2023.selcuk.edu.tr\/en\/index.php\/wp-json\/wp\/v2\/pages"}],"about":[{"href":"https:\/\/isuhsc2023.selcuk.edu.tr\/en\/index.php\/wp-json\/wp\/v2\/types\/page"}],"author":[{"embeddable":true,"href":"https:\/\/isuhsc2023.selcuk.edu.tr\/en\/index.php\/wp-json\/wp\/v2\/users\/2"}],"replies":[{"embeddable":true,"href":"https:\/\/isuhsc2023.selcuk.edu.tr\/en\/index.php\/wp-json\/wp\/v2\/comments?post=1027"}],"version-history":[{"count":10,"href":"https:\/\/isuhsc2023.selcuk.edu.tr\/en\/index.php\/wp-json\/wp\/v2\/pages\/1027\/revisions"}],"predecessor-version":[{"id":1161,"href":"https:\/\/isuhsc2023.selcuk.edu.tr\/en\/index.php\/wp-json\/wp\/v2\/pages\/1027\/revisions\/1161"}],"wp:attachment":[{"href":"https:\/\/isuhsc2023.selcuk.edu.tr\/en\/index.php\/wp-json\/wp\/v2\/media?parent=1027"}],"curies":[{"name":"wp","href":"https:\/\/api.w.org\/{rel}","templated":true}]}}