{"id":1041,"date":"2022-11-01T13:52:30","date_gmt":"2022-11-01T10:52:30","guid":{"rendered":"https:\/\/isuhsc2023.selcuk.edu.tr\/en\/?page_id=1041"},"modified":"2023-11-27T15:11:27","modified_gmt":"2023-11-27T12:11:27","slug":"invited-speakers","status":"publish","type":"page","link":"https:\/\/isuhsc2023.selcuk.edu.tr\/en\/index.php\/invited-speakers\/","title":{"rendered":"Invited Speakers"},"content":{"rendered":"<p><img loading=\"lazy\" decoding=\"async\" class=\"alignnone size-full wp-image-950\" src=\"https:\/\/isuhsc2023.selcuk.edu.tr\/en\/wp-content\/uploads\/2022\/10\/WhatsApp-Image-2022-10-20-at-14.47.23-1.jpeg\" alt=\"\" width=\"1035\" height=\"345\" \/><\/p>\n<table>\n<tbody>\n<tr>\n<td width=\"121\"><strong>Department <\/strong><\/td>\n<td width=\"121\"><strong>Degree<\/strong><\/td>\n<td width=\"121\"><strong>Name-Surname<\/strong><\/td>\n<td width=\"121\"><strong>Institution<\/strong><\/td>\n<td width=\"121\"><strong>Topic<\/strong><\/td>\n<\/tr>\n<tr>\n<td width=\"121\"><strong>Nutrition and Dietetics<\/strong><\/td>\n<td width=\"121\">Assist. Prof.<\/td>\n<td width=\"121\">Maria Ulfa<\/td>\n<td width=\"121\">Universitas Muhammadiyah Yogyakarta<\/td>\n<td width=\"121\">Burnout: Why Female Healthcare Worker Suffer More than Male?<\/td>\n<\/tr>\n<tr>\n<td width=\"121\"><strong>Child Development<\/strong><\/td>\n<td width=\"121\">Associate Professor<\/td>\n<td width=\"121\">Seher Ersoy Quadir<\/td>\n<td width=\"121\">Independent Schooler.\u00a0 Philadelphia<\/p>\n<p>USA<\/td>\n<td width=\"121\">Supportive measures for children with learning disabilities in US schools.<\/td>\n<\/tr>\n<tr>\n<td width=\"121\"><strong>Social service<\/strong><\/td>\n<td width=\"121\">The Vice-dean Dr.<\/td>\n<td width=\"121\">Lina Gar\u0161v\u0117<\/td>\n<td width=\"121\">Siauliai State higher Education Institution<\/td>\n<td width=\"121\">Academic curricula design perspectives toward preparing future specialist at the university<\/td>\n<\/tr>\n<tr>\n<td width=\"121\"><strong>Healthcare Management<\/strong><\/td>\n<td width=\"121\">Prof.Dr.<\/td>\n<td width=\"121\">Chi-Chang Chang<\/td>\n<td width=\"121\">School of Medical Informatics, Chungshan Medical University, Taiwan.<\/td>\n<td width=\"121\">Reflections Towards the Future of the Iron Triangle in Healthcare<\/td>\n<\/tr>\n<tr>\n<td width=\"121\"><strong>Midwifery<\/strong><\/td>\n<td width=\"121\">Associate Professor<\/td>\n<td width=\"121\">Filiz Yar\u0131c\u0131<\/td>\n<td width=\"121\">Yak\u0131n Do\u011fu \u00dcniversitesi Sa\u011fl\u0131k Bilimleri Fak\u00fcltesi<\/td>\n<td width=\"121\">Do\u011fum A\u011fr\u0131s\u0131yla Uyumlanmada Bir Alternatif: Hypnobirthing<\/td>\n<\/tr>\n<tr>\n<td width=\"121\"><strong>Midwifery<\/strong><\/td>\n<td width=\"121\">Postgraduate Researcher<\/td>\n<td width=\"121\">G\u00fcldane Damla Kaya<\/td>\n<td width=\"121\">University of Surrey<\/td>\n<td width=\"121\">Ebelik E\u011fitiminde \u0130novasyon<\/td>\n<\/tr>\n<\/tbody>\n<\/table>\n","protected":false},"excerpt":{"rendered":"<p>Department Degree Name-Surname Institution Topic Nutrition and Dietetics Assist. Prof. Maria Ulfa Universitas Muhammadiyah Yogyakarta Burnout: Why Female Healthcare Worker [&hellip;]<\/p>\n","protected":false},"author":2,"featured_media":0,"parent":0,"menu_order":0,"comment_status":"closed","ping_status":"closed","template":"","meta":{"footnotes":""},"class_list":["post-1041","page","type-page","status-publish","hentry"],"_links":{"self":[{"href":"https:\/\/isuhsc2023.selcuk.edu.tr\/en\/index.php\/wp-json\/wp\/v2\/pages\/1041","targetHints":{"allow":["GET"]}}],"collection":[{"href":"https:\/\/isuhsc2023.selcuk.edu.tr\/en\/index.php\/wp-json\/wp\/v2\/pages"}],"about":[{"href":"https:\/\/isuhsc2023.selcuk.edu.tr\/en\/index.php\/wp-json\/wp\/v2\/types\/page"}],"author":[{"embeddable":true,"href":"https:\/\/isuhsc2023.selcuk.edu.tr\/en\/index.php\/wp-json\/wp\/v2\/users\/2"}],"replies":[{"embeddable":true,"href":"https:\/\/isuhsc2023.selcuk.edu.tr\/en\/index.php\/wp-json\/wp\/v2\/comments?post=1041"}],"version-history":[{"count":9,"href":"https:\/\/isuhsc2023.selcuk.edu.tr\/en\/index.php\/wp-json\/wp\/v2\/pages\/1041\/revisions"}],"predecessor-version":[{"id":1228,"href":"https:\/\/isuhsc2023.selcuk.edu.tr\/en\/index.php\/wp-json\/wp\/v2\/pages\/1041\/revisions\/1228"}],"wp:attachment":[{"href":"https:\/\/isuhsc2023.selcuk.edu.tr\/en\/index.php\/wp-json\/wp\/v2\/media?parent=1041"}],"curies":[{"name":"wp","href":"https:\/\/api.w.org\/{rel}","templated":true}]}}