{"id":1111,"date":"2023-10-12T16:18:34","date_gmt":"2023-10-12T13:18:34","guid":{"rendered":"https:\/\/isuhsc2023.selcuk.edu.tr\/en\/?page_id=1111"},"modified":"2023-10-13T11:00:06","modified_gmt":"2023-10-13T08:00:06","slug":"transport","status":"publish","type":"page","link":"https:\/\/isuhsc2023.selcuk.edu.tr\/en\/index.php\/transport\/","title":{"rendered":"Transport"},"content":{"rendered":"<p>Ard\u0131\u00e7l\u0131, Sel\u00e7uk University. Alaaddin Keykubat Campus No:329, 42250 Sel\u00e7uklu\/Konya<\/p>\n<p><img loading=\"lazy\" decoding=\"async\" class=\"alignnone size-full wp-image-1143\" src=\"https:\/\/isuhsc2023.selcuk.edu.tr\/en\/wp-content\/uploads\/2023\/10\/Tramvay-saatleri-ing.jpg\" alt=\"\" width=\"1124\" height=\"1610\" \/><\/p>\n","protected":false},"excerpt":{"rendered":"<p>Ard\u0131\u00e7l\u0131, Sel\u00e7uk University. Alaaddin Keykubat Campus No:329, 42250 Sel\u00e7uklu\/Konya<\/p>\n","protected":false},"author":3,"featured_media":0,"parent":0,"menu_order":0,"comment_status":"closed","ping_status":"closed","template":"","meta":{"footnotes":""},"class_list":["post-1111","page","type-page","status-publish","hentry"],"_links":{"self":[{"href":"https:\/\/isuhsc2023.selcuk.edu.tr\/en\/index.php\/wp-json\/wp\/v2\/pages\/1111","targetHints":{"allow":["GET"]}}],"collection":[{"href":"https:\/\/isuhsc2023.selcuk.edu.tr\/en\/index.php\/wp-json\/wp\/v2\/pages"}],"about":[{"href":"https:\/\/isuhsc2023.selcuk.edu.tr\/en\/index.php\/wp-json\/wp\/v2\/types\/page"}],"author":[{"embeddable":true,"href":"https:\/\/isuhsc2023.selcuk.edu.tr\/en\/index.php\/wp-json\/wp\/v2\/users\/3"}],"replies":[{"embeddable":true,"href":"https:\/\/isuhsc2023.selcuk.edu.tr\/en\/index.php\/wp-json\/wp\/v2\/comments?post=1111"}],"version-history":[{"count":3,"href":"https:\/\/isuhsc2023.selcuk.edu.tr\/en\/index.php\/wp-json\/wp\/v2\/pages\/1111\/revisions"}],"predecessor-version":[{"id":1144,"href":"https:\/\/isuhsc2023.selcuk.edu.tr\/en\/index.php\/wp-json\/wp\/v2\/pages\/1111\/revisions\/1144"}],"wp:attachment":[{"href":"https:\/\/isuhsc2023.selcuk.edu.tr\/en\/index.php\/wp-json\/wp\/v2\/media?parent=1111"}],"curies":[{"name":"wp","href":"https:\/\/api.w.org\/{rel}","templated":true}]}}