{"id":643,"date":"2017-01-02T08:28:52","date_gmt":"2017-01-02T08:28:52","guid":{"rendered":"https:\/\/demo.themegrill.com\/flash-default-2\/?page_id=5"},"modified":"2023-12-25T15:36:30","modified_gmt":"2023-12-25T12:36:30","slug":"home","status":"publish","type":"page","link":"https:\/\/isuhsc2023.selcuk.edu.tr\/en\/","title":{"rendered":"Home"},"content":{"rendered":"<div id=\"pl-643\"  class=\"panel-layout\" ><div id=\"pg-643-0\"  class=\"panel-grid panel-has-style\" ><div class=\"siteorigin-panels-stretch panel-row-style panel-row-style-for-643-0\" data-stretch-type=\"full-stretched\" ><div id=\"pgc-643-0-0\"  class=\"panel-grid-cell\" ><div id=\"panel-643-0-0-0\" class=\"so-panel widget widget_themegrill_flash_slider tg-section tg-slider-widget panel-first-child\" data-index=\"0\" ><div class=\"tg-slider-widget slider-light slider-content-center slider-control-center full-width\">\n\t<div class=\"swiper-container\">\n\t\t<div class=\"swiper-wrapper\">\n\t\t\t\n\t\t\t\t\t<div class=\"swiper-slide\">\n\t\t\t\t\t\t<figure class=\"slider-image\" >\n\t\t\t\t\t\t\t<img width=\"1678\" height=\"560\"\t\t\t\t\t\t\t\t\tsrc=\"https:\/\/isuhsc2023.selcuk.edu.tr\/en\/wp-content\/uploads\/2023\/10\/WhatsApp-Image-2023-09-26-at-09.43.02-1-1.jpeg\"\n\t\t\t\t\t\t\t\t\talt=\"\"\n\t\t\t\t\t\t\t\t\ttitle=\"\"\/>\n\t\t\t\t\t\t\t<div class=\"overlay\"><\/div>\n\t\t\t\t\t\t<\/figure>\n\t\t\t\t\t\t<div class=\"slider-content\">\n\t\t\t\t\t\t\t<div class=\"tg-container\">\n\t\t\t\t\t\t\t\t<div class=\"caption-title\"><\/div>\n\t\t\t\t\t\t\t\t<div class=\"caption-desc\"><\/div>\n\t\t\t\t\t\t\t\t\t\t\t\t\t\t\t<\/div>\n\t\t\t\t\t\t<\/div>\n\t\t\t\t\t<\/div>\n\n\t\t\t\t\n\t\t\t\t\t<div class=\"swiper-slide\">\n\t\t\t\t\t\t<figure class=\"slider-image\" >\n\t\t\t\t\t\t\t<img width=\"1035\" height=\"345\"\t\t\t\t\t\t\t\t\tsrc=\"https:\/\/isuhsc2023.selcuk.edu.tr\/en\/wp-content\/uploads\/2022\/10\/WhatsApp-Image-2022-10-20-at-14.47.23.jpeg\"\n\t\t\t\t\t\t\t\t\talt=\"\"\n\t\t\t\t\t\t\t\t\ttitle=\"\"\/>\n\t\t\t\t\t\t\t<div class=\"overlay\"><\/div>\n\t\t\t\t\t\t<\/figure>\n\t\t\t\t\t\t<div class=\"slider-content\">\n\t\t\t\t\t\t\t<div class=\"tg-container\">\n\t\t\t\t\t\t\t\t<div class=\"caption-title\"><\/div>\n\t\t\t\t\t\t\t\t<div class=\"caption-desc\"><\/div>\n\t\t\t\t\t\t\t\t\t\t\t\t\t\t\t<\/div>\n\t\t\t\t\t\t<\/div>\n\t\t\t\t\t<\/div>\n\n\t\t\t\t\t\t<\/div>\n\t\t<div class=\"swiper-pagination\"><\/div>\n\t\t<div class=\"slider-arrow\">\n\t\t\t<div class=\"swiper-button-next\"><\/div>\n\t\t\t<div class=\"swiper-button-prev\"><\/div>\n\t\t<\/div>\n\t<\/div>\n<\/div>\n<\/div><div id=\"panel-643-0-0-1\" class=\"so-panel widget widget_themegrill_flash_heading tg-widget section-title-wrapper\" data-index=\"1\" ><div class=\"panel-widget-style panel-widget-style-for-643-0-0-1\" >\t<h3 class=\"section-title\">2 nd INTERNATIONAL SEL\u00c7UK HEALTH SCIENCES CONGRESS<\/h3>\n<\/div><\/div><div id=\"panel-643-0-0-2\" class=\"so-panel widget widget_themegrill_flash_heading tg-widget section-title-wrapper\" data-index=\"2\" >\t<h3 class=\"section-title\">NOVEMBER 30 - DECEMBER 01, 2023<\/h3>\n<\/div><div id=\"panel-643-0-0-3\" class=\"so-panel widget widget_themegrill_flash_heading tg-widget section-title-wrapper\" data-index=\"3\" ><div class=\"flash_inherit_color panel-widget-style panel-widget-style-for-643-0-0-3\" >\t<h3 class=\"section-title\">!!! ABSTRACT BOOK AND PROCEEDING BOOK HAVE BEEN PUBLISHED !!!<\/h3>\n<\/div><\/div><div id=\"panel-643-0-0-4\" class=\"so-panel widget widget_themegrill_flash_heading tg-widget section-title-wrapper\" data-index=\"4\" >\t<h3 class=\"section-title\">SEL\u00c7UK UNIVERSITY, KONYA, T\u00dcRK\u0130YE<\/h3>\n<\/div><div id=\"panel-643-0-0-5\" class=\"so-panel widget widget_themegrill_flash_heading tg-widget section-title-wrapper\" data-index=\"5\" >\t<div class=\"section-description\">http:\/\/isuhsc2023.selcuk.edu.tr\/<\/div>\n<\/div><div id=\"panel-643-0-0-6\" class=\"so-panel widget widget_themegrill_flash_heading tg-widget section-title-wrapper\" data-index=\"6\" >\t<div class=\"section-description\">isuhscongress2023@gmail.com<\/div>\n<\/div><div id=\"panel-643-0-0-7\" class=\"so-panel widget widget_media_video panel-last-child\" data-index=\"7\" ><div style=\"width:100%;\" class=\"wp-video\"><video class=\"wp-video-shortcode\" id=\"video-643-1\" preload=\"metadata\" controls=\"controls\"><source type=\"video\/youtube\" src=\"https:\/\/www.youtube.com\/watch?v=yll0CbohtYg&#038;t=66s&#038;_=1\" \/><a href=\"https:\/\/www.youtube.com\/watch?v=yll0CbohtYg&#038;t=66s\">https:\/\/www.youtube.com\/watch?v=yll0CbohtYg&#038;t=66s<\/a><\/video><\/div><\/div><\/div><\/div><\/div><\/div>","protected":false},"excerpt":{"rendered":"<p>2 nd INTERNATIONAL SEL\u00c7UK HEALTH SCIENCES CONGRESS NOVEMBER 30 &#8211; DECEMBER 01, 2023 !!! ABSTRACT BOOK AND PROCEEDING BOOK HAVE [&hellip;]<\/p>\n","protected":false},"author":1,"featured_media":0,"parent":0,"menu_order":0,"comment_status":"closed","ping_status":"closed","template":"page-templates\/pagebuilder.php","meta":{"footnotes":""},"class_list":["post-643","page","type-page","status-publish","hentry"],"_links":{"self":[{"href":"https:\/\/isuhsc2023.selcuk.edu.tr\/en\/index.php\/wp-json\/wp\/v2\/pages\/643","targetHints":{"allow":["GET"]}}],"collection":[{"href":"https:\/\/isuhsc2023.selcuk.edu.tr\/en\/index.php\/wp-json\/wp\/v2\/pages"}],"about":[{"href":"https:\/\/isuhsc2023.selcuk.edu.tr\/en\/index.php\/wp-json\/wp\/v2\/types\/page"}],"author":[{"embeddable":true,"href":"https:\/\/isuhsc2023.selcuk.edu.tr\/en\/index.php\/wp-json\/wp\/v2\/users\/1"}],"replies":[{"embeddable":true,"href":"https:\/\/isuhsc2023.selcuk.edu.tr\/en\/index.php\/wp-json\/wp\/v2\/comments?post=643"}],"version-history":[{"count":93,"href":"https:\/\/isuhsc2023.selcuk.edu.tr\/en\/index.php\/wp-json\/wp\/v2\/pages\/643\/revisions"}],"predecessor-version":[{"id":1238,"href":"https:\/\/isuhsc2023.selcuk.edu.tr\/en\/index.php\/wp-json\/wp\/v2\/pages\/643\/revisions\/1238"}],"wp:attachment":[{"href":"https:\/\/isuhsc2023.selcuk.edu.tr\/en\/index.php\/wp-json\/wp\/v2\/media?parent=643"}],"curies":[{"name":"wp","href":"https:\/\/api.w.org\/{rel}","templated":true}]}}