{"id":791,"date":"2022-09-09T15:26:48","date_gmt":"2022-09-09T12:26:48","guid":{"rendered":"https:\/\/isuhsc2023.selcuk.edu.tr\/en\/?page_id=791"},"modified":"2023-10-13T11:21:26","modified_gmt":"2023-10-13T08:21:26","slug":"registration-fees","status":"publish","type":"page","link":"https:\/\/isuhsc2023.selcuk.edu.tr\/en\/index.php\/registration-fees\/","title":{"rendered":"REGISTRATION FEES"},"content":{"rendered":"<table>\n<tbody>\n<tr>\n<td width=\"302\"><strong>REGISTRATION<\/strong><\/td>\n<td width=\"302\"><strong>FEES<\/strong><\/td>\n<\/tr>\n<tr>\n<td width=\"302\">ACADEMICS &amp; HEALTH PROFESSIONALS<\/td>\n<td width=\"302\">44 USD \/ 42\u00a0Euro<\/td>\n<\/tr>\n<tr>\n<td width=\"302\">GRADUATE STUDENTS<\/td>\n<td width=\"302\">33 \/ 32\u00a0Euro<\/td>\n<\/tr>\n<tr>\n<td width=\"302\">LISTENER PARTICIPANT<\/td>\n<td width=\"302\">26\u00a0USD \/ 25\u00a0Euro<\/td>\n<\/tr>\n<\/tbody>\n<\/table>\n<table style=\"height: 53px;\" width=\"532\">\n<tbody>\n<tr>\n<td width=\"412\">\n<h3><span style=\"color: #ff0000;\"><strong>The congress fee is limited to a maximum of two papers.<\/strong><\/span><\/h3>\n<\/td>\n<\/tr>\n<\/tbody>\n<\/table>\n<table style=\"height: 52px;\" width=\"630\">\n<tbody>\n<tr>\n<td width=\"604\">\n<h3><span style=\"color: #ff0000;\"><strong>Participation Fee Includes: Publishing of the Congress Book, Lunch, Refreshments, Certificate of Participation, Name Badge.<\/strong><\/span><\/h3>\n<\/td>\n<\/tr>\n<\/tbody>\n<\/table>\n<h3>After payment, the receipt will be sent to the e-mail address &#8220;isuhscongress2023@gmail.com&#8221;.<\/h3>\n<h1 style=\"text-align: center;\"><span style=\"color: #ff0000;\"><strong>! ! !<\/strong><\/span><\/h1>\n<table>\n<tbody>\n<tr>\n<td width=\"604\">\n<h3><span style=\"color: #ff0000;\"><strong>When paying the congress fee, &#8220;2nd International Selcuk Health Sciences Congress&#8221; should be written in the description section.<\/strong><\/span><\/h3>\n<\/td>\n<\/tr>\n<\/tbody>\n<\/table>\n<h4>IBAN: TR53 0001 5001 5800 7302 9555 52<\/h4>\n<p>Account Name: Sel\u00e7uk \u00dcniversitesi Strateji Geli\u015ftirme Daire Ba\u015fkanl\u0131\u011f\u0131<\/p>\n","protected":false},"excerpt":{"rendered":"<p>REGISTRATION FEES ACADEMICS &amp; HEALTH PROFESSIONALS 44 USD \/ 42\u00a0Euro GRADUATE STUDENTS 33 \/ 32\u00a0Euro LISTENER PARTICIPANT 26\u00a0USD \/ 25\u00a0Euro [&hellip;]<\/p>\n","protected":false},"author":2,"featured_media":0,"parent":0,"menu_order":0,"comment_status":"closed","ping_status":"closed","template":"","meta":{"footnotes":""},"class_list":["post-791","page","type-page","status-publish","hentry"],"_links":{"self":[{"href":"https:\/\/isuhsc2023.selcuk.edu.tr\/en\/index.php\/wp-json\/wp\/v2\/pages\/791","targetHints":{"allow":["GET"]}}],"collection":[{"href":"https:\/\/isuhsc2023.selcuk.edu.tr\/en\/index.php\/wp-json\/wp\/v2\/pages"}],"about":[{"href":"https:\/\/isuhsc2023.selcuk.edu.tr\/en\/index.php\/wp-json\/wp\/v2\/types\/page"}],"author":[{"embeddable":true,"href":"https:\/\/isuhsc2023.selcuk.edu.tr\/en\/index.php\/wp-json\/wp\/v2\/users\/2"}],"replies":[{"embeddable":true,"href":"https:\/\/isuhsc2023.selcuk.edu.tr\/en\/index.php\/wp-json\/wp\/v2\/comments?post=791"}],"version-history":[{"count":10,"href":"https:\/\/isuhsc2023.selcuk.edu.tr\/en\/index.php\/wp-json\/wp\/v2\/pages\/791\/revisions"}],"predecessor-version":[{"id":1149,"href":"https:\/\/isuhsc2023.selcuk.edu.tr\/en\/index.php\/wp-json\/wp\/v2\/pages\/791\/revisions\/1149"}],"wp:attachment":[{"href":"https:\/\/isuhsc2023.selcuk.edu.tr\/en\/index.php\/wp-json\/wp\/v2\/media?parent=791"}],"curies":[{"name":"wp","href":"https:\/\/api.w.org\/{rel}","templated":true}]}}