{"id":983,"date":"2022-10-26T15:05:42","date_gmt":"2022-10-26T12:05:42","guid":{"rendered":"https:\/\/isuhsc2023.selcuk.edu.tr\/en\/?page_id=983"},"modified":"2023-10-13T11:06:51","modified_gmt":"2023-10-13T08:06:51","slug":"scientific-committee","status":"publish","type":"page","link":"https:\/\/isuhsc2023.selcuk.edu.tr\/en\/index.php\/scientific-committee\/","title":{"rendered":"Scientific Committee"},"content":{"rendered":"<p><img loading=\"lazy\" decoding=\"async\" class=\"alignnone size-full wp-image-950\" src=\"https:\/\/isuhsc2023.selcuk.edu.tr\/en\/wp-content\/uploads\/2022\/10\/WhatsApp-Image-2022-10-20-at-14.47.23-1.jpeg\" alt=\"\" width=\"1035\" height=\"345\" \/><\/p>\n<table>\n<tbody>\n<tr>\n<td>\u00a0 1<\/td>\n<td>Prof. Dr. \u0130lhan \u00c7ift\u00e7i Faculty of Medicine, Sel\u00e7uk University, Konya, T\u00fcrkiye<\/td>\n<\/tr>\n<tr>\n<td>\u00a0 2<\/td>\n<td>Prof. Dr. Emine Arslan, Faculty of Health Sciences, Sel\u00e7uk University, Konya, T\u00fcrkiye<\/td>\n<\/tr>\n<tr>\n<td>\u00a0 3<\/td>\n<td>Prof. Dr. Leyla A\u00e7\u0131k, Department of Biyology, Faculty of Science, Gazi University, Ankara, T\u00fcrkiye<\/td>\n<\/tr>\n<tr>\n<td>\u00a0 4<\/td>\n<td>Prof. Dr. Meryem \u00c7etin, Department of Health Management, Faculty of Health Sciences, Amasya University, Amasya, T\u00fcrkiye<\/td>\n<\/tr>\n<tr>\n<td>\u00a0 5<\/td>\n<td>Prof. Dr. Nevin \u015eanl\u0131er, Department of Nutrition and Dietetics, Ankara Medipol University, Ankara, T\u00fcrkiye<\/td>\n<\/tr>\n<tr>\n<td>\u00a0 6<\/td>\n<td>Prof. Dr. Tar\u0131k Tuncay, Social Work Department, Hacettepe Universty, Ankara, T\u00fcrkiye<\/td>\n<\/tr>\n<tr>\n<td>\u00a0 7<\/td>\n<td>Prof. Dr. Dilaver Tengilimo\u011flu, Department of Health Management, Faculty of Health Sciences, At\u0131l\u0131m University, Ankara, T\u00fcrkiye<\/td>\n<\/tr>\n<tr>\n<td>\u00a0 8<\/td>\n<td>Prof. Dr. Husain Hassan Department of Biyology, College of Science, University of Kirkuk, Kirkuk, Iraq<\/td>\n<\/tr>\n<tr>\n<td>\u00a0 9<\/td>\n<td>Prof. Dr. Elena Buzan, Department of Biodiversity, Faculty of Mathematics, Natural Sciences and Information Technologies, University of Primorska, Slovenia<\/td>\n<\/tr>\n<tr>\n<td>\u00a0 10<\/td>\n<td>Prof. Dr. Bo\u0161tjan Pokorny, Faculty of Environmental, Protection, Velenje, Slovenia<\/td>\n<\/tr>\n<tr>\n<td>\u00a0 11<\/td>\n<td>Prof.\u00a0 Dr.\u00a0 Jehan Bakht, The University of Agriculture Peshawar, Khyber Pukhtunkhwa, Pakistan<\/td>\n<\/tr>\n<tr>\n<td>\u00a0 12<\/td>\n<td>Dr. Lei Duan, Chinese Academy of Sciences, Guangzhou, China<\/td>\n<\/tr>\n<tr>\n<td>\u00a0 13<\/td>\n<td>Assist. Prof. Dr. Aevar Ashraf Khorshed, Ibn Sina University of Medical and Pharmaceutical Sciences, Collage of Dentistry, Baqdat, Iraq<\/td>\n<\/tr>\n<tr>\n<td>\u00a0 14<\/td>\n<td>Prof. Dr. Claudio Ferrante, Universit\u00e0 degli Studi \u2018G. d\u2019Annunzio\u2019 Chieti, Pescara, Italy<\/td>\n<\/tr>\n<tr>\n<td>\u00a0 15<\/td>\n<td>Prof. Dr. Luigi Meninghi, Universit\u00e0 degli Studi \u2018G. d\u2019Annunzio\u2019 Chieti, Pescara, Italy<\/td>\n<\/tr>\n<tr>\n<td>\u00a0 16<\/td>\n<td>Prof. Dr. Giustino Orlando, Universit\u00e0 degli Studi \u2018G. d\u2019Annunzio\u2019 Chieti, Pescara, Italy<\/td>\n<\/tr>\n<tr>\n<td>\u00a0 17<\/td>\n<td>Prof. Dr. M. Fawzi Mahomoodally, Department of Health Sciences, Faculty of Medicine and Health Sciences, University of Mauritius, R\u00e9duit, Mauritius<\/td>\n<\/tr>\n<tr>\n<td>\u00a0 18<\/td>\n<td>Prof. Dr. Sakina Yagi, Khartoum University, Department of Biology, Khartoum, Sudan<\/td>\n<\/tr>\n<tr>\n<td>\u00a0 19<\/td>\n<td>Prof. Dr. Stefano D\u2019allAcqua, Department of Pharmacy, Padova University, Padova, Italy<\/td>\n<\/tr>\n<tr>\n<td>\u00a0 20<\/td>\n<td>Assoc. Prof. Dr. Suzanne Piscopo, Department of Health, Physical Education and Consumer Studies (HPECS)<\/td>\n<\/tr>\n<tr>\n<td>\u00a0 21<\/td>\n<td>Faculty of Education, University of Malta, Malta<\/td>\n<\/tr>\n<tr>\n<td>\u00a0 22<\/td>\n<td>Prof Dr. \u00d6mer \u00dcre, Cyprus Science University, Cyprus<\/td>\n<\/tr>\n<tr>\n<td>\u00a0 23<\/td>\n<td>Dr. Maria Ulfa, Master of Hospital Administration, Postgraduate Program, Universitas Muhammadiyah Yogyakarta, Indonesia.<\/td>\n<\/tr>\n<tr>\n<td>\u00a0 24<\/td>\n<td>Prof. Dr. Y\u00fcksel Baykara Acar, Grimsby Institute, UK<\/td>\n<\/tr>\n<tr>\n<td>\u00a0 25<\/td>\n<td>Prof. Dr. Nasrin Omidvar, Department of Community Nutrition, Shahid Beheshti University of Medical Sciences, Iran<\/td>\n<\/tr>\n<tr>\n<td>\u00a0 26<\/td>\n<td>Assist. Prof. Dr. Marika Merits, Department of Midwifery, Faculty Of Tallinna, Tervishoiu K\u00f5rgkool, Estonia<\/td>\n<\/tr>\n<tr>\n<td>\u00a0 27<\/td>\n<td>Prof.Dr. Zaid Al-Hamdan, Jordan University of Science and Technology. Department of Nursing Management<\/td>\n<\/tr>\n<tr>\n<td>\u00a0 28<\/td>\n<td>Malcolm Payne Honorary Professor, Kingston University London; Emeritus Professor, Manchester Metropolitan university.<\/td>\n<\/tr>\n<tr>\n<td>\u00a0 29<\/td>\n<td>Canan Karatekin, Ph.D. Associate Professor Institute of Child Development University of Minnesota<\/td>\n<\/tr>\n<tr>\n<td>\u00a0 30<\/td>\n<td>Amin Azimkhani, \u0130mamReza International University<\/td>\n<\/tr>\n<tr>\n<td>\u00a0 31<\/td>\n<td>Prof. Lucia Figueiredo Mour\u00e3o,\u00a0<a href=\"https:\/\/www.researchgate.net\/institution\/University_of_Campinas\">University of Campinas\u00a0| UNICAMP<\/a>, Brasil<\/td>\n<\/tr>\n<tr>\n<td>\u00a0 32<\/td>\n<td>Assoc. professor PhD Lina Gar\u0161v\u0117, Siauliai State Higher Education Institution.<\/td>\n<\/tr>\n<tr>\n<td>\u00a0 33<\/td>\n<td>Prof. Dr. Melih EL\u00c7\u0130N<\/td>\n<\/tr>\n<\/tbody>\n<\/table>\n<p>&nbsp;<\/p>\n","protected":false},"excerpt":{"rendered":"<p>\u00a0 1 Prof. Dr. \u0130lhan \u00c7ift\u00e7i Faculty of Medicine, Sel\u00e7uk University, Konya, T\u00fcrkiye \u00a0 2 Prof. Dr. Emine Arslan, Faculty [&hellip;]<\/p>\n","protected":false},"author":2,"featured_media":0,"parent":0,"menu_order":0,"comment_status":"closed","ping_status":"closed","template":"","meta":{"footnotes":""},"class_list":["post-983","page","type-page","status-publish","hentry"],"_links":{"self":[{"href":"https:\/\/isuhsc2023.selcuk.edu.tr\/en\/index.php\/wp-json\/wp\/v2\/pages\/983","targetHints":{"allow":["GET"]}}],"collection":[{"href":"https:\/\/isuhsc2023.selcuk.edu.tr\/en\/index.php\/wp-json\/wp\/v2\/pages"}],"about":[{"href":"https:\/\/isuhsc2023.selcuk.edu.tr\/en\/index.php\/wp-json\/wp\/v2\/types\/page"}],"author":[{"embeddable":true,"href":"https:\/\/isuhsc2023.selcuk.edu.tr\/en\/index.php\/wp-json\/wp\/v2\/users\/2"}],"replies":[{"embeddable":true,"href":"https:\/\/isuhsc2023.selcuk.edu.tr\/en\/index.php\/wp-json\/wp\/v2\/comments?post=983"}],"version-history":[{"count":4,"href":"https:\/\/isuhsc2023.selcuk.edu.tr\/en\/index.php\/wp-json\/wp\/v2\/pages\/983\/revisions"}],"predecessor-version":[{"id":1145,"href":"https:\/\/isuhsc2023.selcuk.edu.tr\/en\/index.php\/wp-json\/wp\/v2\/pages\/983\/revisions\/1145"}],"wp:attachment":[{"href":"https:\/\/isuhsc2023.selcuk.edu.tr\/en\/index.php\/wp-json\/wp\/v2\/media?parent=983"}],"curies":[{"name":"wp","href":"https:\/\/api.w.org\/{rel}","templated":true}]}}