{"id":985,"date":"2022-10-26T15:07:04","date_gmt":"2022-10-26T12:07:04","guid":{"rendered":"https:\/\/isuhsc2023.selcuk.edu.tr\/en\/?page_id=985"},"modified":"2023-11-28T11:12:06","modified_gmt":"2023-11-28T08:12:06","slug":"honorary-president","status":"publish","type":"page","link":"https:\/\/isuhsc2023.selcuk.edu.tr\/en\/index.php\/honorary-president\/","title":{"rendered":"Organizing Committee"},"content":{"rendered":"<p><img loading=\"lazy\" decoding=\"async\" class=\"alignnone size-full wp-image-950\" src=\"https:\/\/isuhsc2023.selcuk.edu.tr\/en\/wp-content\/uploads\/2022\/10\/WhatsApp-Image-2022-10-20-at-14.47.23-1.jpeg\" alt=\"\" width=\"1035\" height=\"345\" \/><\/p>\n<table width=\"1077\">\n<tbody>\n<tr>\n<td width=\"302\">Prof. Dr. Emine ARSLAN<\/td>\n<td width=\"236\">Dean<\/td>\n<\/tr>\n<tr>\n<td width=\"302\">Prof. Dr. Nur Feyzal KESEN<\/td>\n<td width=\"236\">Vice Dean<\/td>\n<\/tr>\n<tr>\n<td width=\"302\">Do\u00e7. Dr. \u015eerife G\u00dcZEL<\/td>\n<td width=\"236\">Vice Dean<\/td>\n<\/tr>\n<tr>\n<td width=\"302\">Prof. Dr. Serap DA\u015eBA\u015e<\/td>\n<td width=\"236\">Department of Gerontology<\/td>\n<\/tr>\n<tr>\n<td width=\"302\">Do\u00e7. Dr. M. Funda AFYONO\u011eLU<\/td>\n<td width=\"236\">Department of Social Service<\/td>\n<\/tr>\n<tr>\n<td width=\"302\">Do\u00e7. Dr. M. Ali CEB\u0130RBAY<\/td>\n<td width=\"236\">Department of Nutrition and Dietetics<\/td>\n<\/tr>\n<tr>\n<td width=\"302\">Do\u00e7. Dr. \u0130smail \u00d6ZSOY<\/td>\n<td width=\"236\">Department of Physiotherapy and Rehabilitation<\/td>\n<\/tr>\n<tr>\n<td width=\"302\">Do\u00e7. Dr. Fat\u00fcmat\u00fc Zehra ERCAN<\/td>\n<td width=\"236\">Department of Language and Speech Therapy<\/td>\n<\/tr>\n<tr>\n<td width=\"302\">Dr. \u00d6\u011fr. \u00dcyesi Mine YILMAZ KO\u00c7AK<\/td>\n<td width=\"236\">Department of Midwifery<\/td>\n<\/tr>\n<tr>\n<td width=\"302\">Dr. \u00d6\u011fr. \u00dcyesi G\u00fclay TEM\u0130Z<\/td>\n<td width=\"236\">Department of Child Development<\/td>\n<\/tr>\n<tr>\n<td width=\"302\">Dr. \u00d6\u011fr. \u00dcyesi Hilal AKMAN D\u00d6MBEKC\u0130<\/td>\n<td width=\"236\">Department of Health Management<\/td>\n<\/tr>\n<tr>\n<td width=\"302\">\u00d6\u011fr. G\u00f6r. Hande K\u00dcSEN<\/td>\n<td width=\"236\">Department of Audiology<\/td>\n<\/tr>\n<tr>\n<td width=\"302\">\u00d6\u011fr. G\u00f6r. B\u00fc\u015fra KAYNAKO\u011eLU<\/td>\n<td width=\"236\">Department of Audiology<\/td>\n<\/tr>\n<tr>\n<td width=\"302\">\u00d6\u011fr. G\u00f6r. M. Kaan ALTUNOK<\/td>\n<td width=\"236\">Department of Physiotherapy and Rehabilitation<\/td>\n<\/tr>\n<tr>\n<td width=\"302\"><\/td>\n<td width=\"236\"><\/td>\n<\/tr>\n<tr>\n<td width=\"302\">Ar\u015f.G\u00f6r.Dr. Cengiz \u00c7EL\u0130K<\/td>\n<td width=\"236\">Department of Child Development<\/td>\n<\/tr>\n<tr>\n<td width=\"302\">Ar\u015f. G\u00f6r. Dr. M\u00fcjdat YE\u015e\u0130LDAL<\/td>\n<td width=\"236\">Department of Health Management<\/td>\n<\/tr>\n<tr>\n<td width=\"302\">Ar\u015f. G\u00f6r. Sultan K\u0130REM\u0130T\u00c7\u0130<\/td>\n<td width=\"236\">Department of Social Service<\/td>\n<\/tr>\n<tr>\n<td width=\"302\">Ar\u015f. G\u00f6r. Beyza ARI GED\u0130K<\/td>\n<td width=\"236\">Department of Nutrition and Dietetics<\/td>\n<\/tr>\n<tr>\n<td width=\"302\">Ar\u015f. G\u00f6r. Hilal Gizem DALGI\u00c7<\/td>\n<td width=\"236\">Department of Midwifery<\/td>\n<\/tr>\n<tr>\n<td width=\"302\">Ar\u015f. G\u00f6r.Adil AYDO\u011eDU<\/td>\n<td width=\"236\">Department of Health Management<\/td>\n<\/tr>\n<tr>\n<td width=\"302\">Ar\u015f. G\u00f6r. Havva Nur YIRTIK<\/td>\n<td width=\"236\">Department of Language and Speech Therapy<\/td>\n<\/tr>\n<\/tbody>\n<\/table>\n<p>&nbsp;<\/p>\n","protected":false},"excerpt":{"rendered":"<p>Prof. Dr. Emine ARSLAN Dean Prof. Dr. Nur Feyzal KESEN Vice Dean Do\u00e7. Dr. \u015eerife G\u00dcZEL Vice Dean Prof. Dr. [&hellip;]<\/p>\n","protected":false},"author":2,"featured_media":0,"parent":0,"menu_order":0,"comment_status":"closed","ping_status":"closed","template":"","meta":{"footnotes":""},"class_list":["post-985","page","type-page","status-publish","hentry"],"_links":{"self":[{"href":"https:\/\/isuhsc2023.selcuk.edu.tr\/en\/index.php\/wp-json\/wp\/v2\/pages\/985","targetHints":{"allow":["GET"]}}],"collection":[{"href":"https:\/\/isuhsc2023.selcuk.edu.tr\/en\/index.php\/wp-json\/wp\/v2\/pages"}],"about":[{"href":"https:\/\/isuhsc2023.selcuk.edu.tr\/en\/index.php\/wp-json\/wp\/v2\/types\/page"}],"author":[{"embeddable":true,"href":"https:\/\/isuhsc2023.selcuk.edu.tr\/en\/index.php\/wp-json\/wp\/v2\/users\/2"}],"replies":[{"embeddable":true,"href":"https:\/\/isuhsc2023.selcuk.edu.tr\/en\/index.php\/wp-json\/wp\/v2\/comments?post=985"}],"version-history":[{"count":6,"href":"https:\/\/isuhsc2023.selcuk.edu.tr\/en\/index.php\/wp-json\/wp\/v2\/pages\/985\/revisions"}],"predecessor-version":[{"id":1233,"href":"https:\/\/isuhsc2023.selcuk.edu.tr\/en\/index.php\/wp-json\/wp\/v2\/pages\/985\/revisions\/1233"}],"wp:attachment":[{"href":"https:\/\/isuhsc2023.selcuk.edu.tr\/en\/index.php\/wp-json\/wp\/v2\/media?parent=985"}],"curies":[{"name":"wp","href":"https:\/\/api.w.org\/{rel}","templated":true}]}}