{"id":991,"date":"2022-10-26T15:18:22","date_gmt":"2022-10-26T12:18:22","guid":{"rendered":"https:\/\/isuhsc2023.selcuk.edu.tr\/en\/?page_id=991"},"modified":"2023-11-28T11:15:26","modified_gmt":"2023-11-28T08:15:26","slug":"secretariat","status":"publish","type":"page","link":"https:\/\/isuhsc2023.selcuk.edu.tr\/en\/index.php\/secretariat\/","title":{"rendered":"Secretariat"},"content":{"rendered":"<p><img loading=\"lazy\" decoding=\"async\" class=\"alignnone size-full wp-image-950\" src=\"https:\/\/isuhsc2023.selcuk.edu.tr\/en\/wp-content\/uploads\/2022\/10\/WhatsApp-Image-2022-10-20-at-14.47.23-1.jpeg\" alt=\"\" width=\"1035\" height=\"345\" \/><\/p>\n<table>\n<tbody>\n<tr>\n<td>\u00d6\u011fr. G\u00f6r. Hande K\u00dcSEN<\/td>\n<td>Department of Audiology<\/td>\n<\/tr>\n<tr>\n<td>\u00d6\u011fr. G\u00f6r. B\u00fc\u015fra KAYNAKO\u011eLU<\/td>\n<td>Department of Audiology<\/td>\n<\/tr>\n<tr>\n<td><\/td>\n<td><\/td>\n<\/tr>\n<tr>\n<td>\u00d6\u011fr. G\u00f6r. M. Kaan ALTUNOK<\/td>\n<td>Department of Physiotherapy and Rehabilitation<\/td>\n<\/tr>\n<tr>\n<td>Ar\u015f. G\u00f6r. Dr. Cengiz \u00c7EL\u0130K<\/td>\n<td>Department of Child Development<\/td>\n<\/tr>\n<tr>\n<td>Ar\u015f. G\u00f6r. Dr. M\u00fcjdat YE\u015e\u0130LDAL<\/td>\n<td>Department of Health Management<\/td>\n<\/tr>\n<tr>\n<td>Ar\u015f. G\u00f6r. Beyza ARI GED\u0130K<\/td>\n<td>Department of Nutrition and Dietetics<\/td>\n<\/tr>\n<tr>\n<td>Ar\u015f. G\u00f6r. Sultan K\u0130REM\u0130TC\u0130<\/td>\n<td>Department of Social Service<\/td>\n<\/tr>\n<tr>\n<td>Ar\u015f. G\u00f6r. Hilal Gizem DALGI\u00c7<\/td>\n<td>Department of Midwifery<\/td>\n<\/tr>\n<tr>\n<td>Ar\u015f. G\u00f6r. Adil AYDO\u011eDU<\/td>\n<td>Department of Health Management<\/td>\n<\/tr>\n<tr>\n<td>Ar\u015f. G\u00f6r. Havva Nur YIRTIK<\/td>\n<td>Department of Language and Speech Therapy<\/td>\n<\/tr>\n<\/tbody>\n<\/table>\n","protected":false},"excerpt":{"rendered":"<p>\u00d6\u011fr. G\u00f6r. Hande K\u00dcSEN Department of Audiology \u00d6\u011fr. G\u00f6r. B\u00fc\u015fra KAYNAKO\u011eLU Department of Audiology \u00d6\u011fr. G\u00f6r. M. Kaan ALTUNOK Department [&hellip;]<\/p>\n","protected":false},"author":2,"featured_media":0,"parent":0,"menu_order":0,"comment_status":"closed","ping_status":"closed","template":"","meta":{"footnotes":""},"class_list":["post-991","page","type-page","status-publish","hentry"],"_links":{"self":[{"href":"https:\/\/isuhsc2023.selcuk.edu.tr\/en\/index.php\/wp-json\/wp\/v2\/pages\/991","targetHints":{"allow":["GET"]}}],"collection":[{"href":"https:\/\/isuhsc2023.selcuk.edu.tr\/en\/index.php\/wp-json\/wp\/v2\/pages"}],"about":[{"href":"https:\/\/isuhsc2023.selcuk.edu.tr\/en\/index.php\/wp-json\/wp\/v2\/types\/page"}],"author":[{"embeddable":true,"href":"https:\/\/isuhsc2023.selcuk.edu.tr\/en\/index.php\/wp-json\/wp\/v2\/users\/2"}],"replies":[{"embeddable":true,"href":"https:\/\/isuhsc2023.selcuk.edu.tr\/en\/index.php\/wp-json\/wp\/v2\/comments?post=991"}],"version-history":[{"count":5,"href":"https:\/\/isuhsc2023.selcuk.edu.tr\/en\/index.php\/wp-json\/wp\/v2\/pages\/991\/revisions"}],"predecessor-version":[{"id":1234,"href":"https:\/\/isuhsc2023.selcuk.edu.tr\/en\/index.php\/wp-json\/wp\/v2\/pages\/991\/revisions\/1234"}],"wp:attachment":[{"href":"https:\/\/isuhsc2023.selcuk.edu.tr\/en\/index.php\/wp-json\/wp\/v2\/media?parent=991"}],"curies":[{"name":"wp","href":"https:\/\/api.w.org\/{rel}","templated":true}]}}